{"id":8559,"date":"2014-02-17T18:39:43","date_gmt":"2014-02-17T16:39:43","guid":{"rendered":"http:\/\/www.panoramahotel-wagner.at\/?page_id=8559"},"modified":"2023-01-16T21:08:18","modified_gmt":"2023-01-16T19:08:18","slug":"seminar-room-library","status":"publish","type":"page","link":"https:\/\/www.panoramahotel-wagner.at\/en\/eco-hotel\/seminar-room-library\/","title":{"rendered":"Seminar Room &#038; Library"},"content":{"rendered":"[vc_row][vc_column width=&#8221;2\/3&#8243;][mk_image_slideshow images=&#8221;8116,7752&#8243; image_width=&#8221;727&#8243; image_height=&#8221;320&#8243;][vc_column_text]\n<h3>SEMINAR ROOM\u00a0&#8220;WeitBlick&#8221; (Vista)<\/h3>\n<p>At approximately 32 m\u00b2, the bright and friendly seminar room &#8220;vista&#8221; is conducive for events of 12 to 18 people.[\/vc_column_text][mk_padding_divider size=&#8221;24&#8243;][mk_image src=&#8221;http:\/\/www.panoramahotel-wagner.at\/wp-content\/uploads\/2013\/10\/bibliothek_01.jpg&#8221; image_width=&#8221;770&#8243;][mk_padding_divider size=&#8221;10&#8243;][vc_column_text]\n<h3>LIBRARY\u00a0&#8220;Leselust&#8221; (Bookworm)<\/h3>\n<p>Our library leaves nothing to be desired \u2013 including a play area, free Internet access, audio, video, DVD\u2019s, and of course books. An original \u201cChico\u201d hammock and chair and other comfortable &#8220;Green Earth&#8221; furnishings invite you to relax.[\/vc_column_text][vc_row_inner][vc_column_inner width=&#8221;1\/2&#8243;][mk_image src=&#8221;http:\/\/www.panoramahotel-wagner.at\/wp-content\/uploads\/2013\/12\/ch-10_350x320.jpg&#8221; crop=&#8221;false&#8221;][\/vc_column_inner][vc_column_inner width=&#8221;1\/2&#8243;][mk_image src=&#8221;http:\/\/www.panoramahotel-wagner.at\/wp-content\/uploads\/2013\/12\/ch-09_350x320.jpg&#8221; crop=&#8221;false&#8221;][\/vc_column_inner][\/vc_row_inner][\/vc_column][vc_column width=&#8221;1\/3&#8243;][mk_content_box heading=&#8221;Our Meeting Room&#8221; icon=&#8221;icon-group&#8221;][vc_column_text css=&#8221;.vc_custom_1673896095095{margin-bottom: 0px !important;}&#8221;]\n<ul>\n<li>Company seminars<\/li>\n<li>Private seminars<\/li>\n<li>Coaching<\/li>\n<li>Meetings<\/li>\n<li>Team building\/training<\/li>\n<li>Yoga and relaxation classes<\/li>\n<li>Lectures, etc.<\/li>\n<\/ul>\n[\/vc_column_text][mk_divider style=&#8221;thin_solid&#8221; margin_top=&#8221;5&#8243; margin_bottom=&#8221;8&#8243;][vc_column_text css=&#8221;.vc_custom_1673896035930{margin-bottom: 0px !important;}&#8221;]<strong>Equipment:<\/strong> pinboards, flipchart, wifi, beamer and canvas<br \/>\n<strong>Size:<\/strong> 32 m\u00b2<br \/>\n<strong>Room rate:<\/strong>\u00a0105,- \u20ac \/ day[\/vc_column_text][\/mk_content_box][mk_padding_divider size=&#8221;20&#8243;][mk_content_box heading=&#8221;From Our Bookshop&#8221; icon=&#8221;icon-book&#8221;][mk_image src=&#8221;http:\/\/www.panoramahotel-wagner.at\/wp-content\/uploads\/2013\/10\/buch01_semmering.jpg&#8221; image_width=&#8221;200&#8243; align=&#8221;center&#8221; margin_bottom=&#8221;19&#8243; crop=&#8221;false&#8221;][vc_column_text]\n<p style=\"text-align: center;\"><strong>Austria from the Inside:<\/strong><br \/>\n<strong>Semmering <\/strong>(German Language)<br \/>\nAlfred Komarek, 184 pages,<br \/>\nHaymon Verlag, 2012[\/vc_column_text][mk_divider style=&#8221;thin_solid&#8221; margin_top=&#8221;0&#8243;][mk_image src=&#8221;http:\/\/www.panoramahotel-wagner.at\/wp-content\/uploads\/2013\/10\/buch021_semmering.jpg&#8221; image_width=&#8221;200&#8243; align=&#8221;center&#8221; crop=&#8221;false&#8221;][vc_column_text]\n<p style=\"text-align: center;\"><strong>The Southern Railway<br \/>\nYour Resorts and Hotels <\/strong>(German Language)<br \/>\nD\u00e9sir\u00e9e Vasko-Juh\u00e1sz<br \/>\n413 pages, B\u00f6hlau, 2006[\/vc_column_text][\/mk_content_box][\/vc_column][\/vc_row]\n","protected":false},"excerpt":{"rendered":"<p>[vc_row][vc_column width=&#8221;2\/3&#8243;][mk_image_slideshow images=&#8221;8116,7752&#8243; image_width=&#8221;727&#8243; image_height=&#8221;320&#8243;][vc_column_text] SEMINAR ROOM\u00a0&#8220;WeitBlick&#8221; (Vista) At approximately 32 m\u00b2, the bright and friendly seminar room &#8220;vista&#8221; is conducive for events of 12 to 18 people.[\/vc_column_text][mk_padding_divider size=&#8221;24&#8243;][mk_image src=&#8221;http:\/\/www.panoramahotel-wagner.at\/wp-content\/uploads\/2013\/10\/bibliothek_01.jpg&#8221; image_width=&#8221;770&#8243;][mk_padding_divider size=&#8221;10&#8243;][vc_column_text] LIBRARY\u00a0&#8220;Leselust&#8221; (Bookworm) Our library leaves nothing to be desired \u2013 including a play area, free Internet access, audio, video, DVD\u2019s, and of course [&hellip;]<\/p>\n","protected":false},"author":1,"featured_media":0,"parent":8510,"menu_order":0,"comment_status":"closed","ping_status":"closed","template":"","meta":[],"aioseo_notices":[],"_links":{"self":[{"href":"https:\/\/www.panoramahotel-wagner.at\/en\/wp-json\/wp\/v2\/pages\/8559"}],"collection":[{"href":"https:\/\/www.panoramahotel-wagner.at\/en\/wp-json\/wp\/v2\/pages"}],"about":[{"href":"https:\/\/www.panoramahotel-wagner.at\/en\/wp-json\/wp\/v2\/types\/page"}],"author":[{"embeddable":true,"href":"https:\/\/www.panoramahotel-wagner.at\/en\/wp-json\/wp\/v2\/users\/1"}],"replies":[{"embeddable":true,"href":"https:\/\/www.panoramahotel-wagner.at\/en\/wp-json\/wp\/v2\/comments?post=8559"}],"version-history":[{"count":10,"href":"https:\/\/www.panoramahotel-wagner.at\/en\/wp-json\/wp\/v2\/pages\/8559\/revisions"}],"predecessor-version":[{"id":10416,"href":"https:\/\/www.panoramahotel-wagner.at\/en\/wp-json\/wp\/v2\/pages\/8559\/revisions\/10416"}],"up":[{"embeddable":true,"href":"https:\/\/www.panoramahotel-wagner.at\/en\/wp-json\/wp\/v2\/pages\/8510"}],"wp:attachment":[{"href":"https:\/\/www.panoramahotel-wagner.at\/en\/wp-json\/wp\/v2\/media?parent=8559"}],"curies":[{"name":"wp","href":"https:\/\/api.w.org\/{rel}","templated":true}]}}